{"id":325,"date":"2012-10-10T12:19:39","date_gmt":"2012-10-10T14:19:39","guid":{"rendered":"http:\/\/www.haudegencup.com\/?page_id=325"},"modified":"2025-10-21T15:57:46","modified_gmt":"2025-10-21T13:57:46","slug":"impressum","status":"publish","type":"page","link":"https:\/\/haudegencup.com\/?page_id=325","title":{"rendered":"Impressum"},"content":{"rendered":"<p><strong>Haudegen Cup<\/strong><\/p>\n<p>Vertretungsberechtigt &amp; Organisatoren: Gasser Michael, Mader Walter, Wieser Reinhard.<\/p>\n<div>\n<p>Inhaltlich verantwortlich: Platzer Christian.<\/p>\n<p>Der Inhalt dieser Seiten ist urheberrechtlich gesch\u00fctzt. Die Inhalte sind nur f\u00fcr die pers\u00f6nliche Information bestimmt. Jede weitergehende Verwendung, insbesondere die Speicherung, Ver\u00f6ffentlichung, Vervielf\u00e4ltigung und jede Form von gewerblicher Nutzung sowie die Weitergabe an Dritte \u2013 auch in Teilen oder in \u00fcberarbeiteter Form \u2013 ohne Zustimmung der Verantwortlichen des Haudegen Cups ist untersagt.<\/p>\n<\/div>\n<p>Die Verwendung der auf www.haudegencup.com angebotenen Fotos unserer Ver\u00f6ffentlichungen, sowie der verf\u00fcgbaren Texte, ob ganz oder teilweise, bedarf unserer vorherigen und schriftlichen Einwilligung. Alle weiteren Rechte behalten wir uns vor.<\/p>\n<p>Alle Texte und Bilder sind urheberrechtlich gesch\u00fctzt und d\u00fcrfen in keiner Form reproduziert, wiederverwendet oder f\u00fcr gewerbliche Zwecke genutzt werden. Dies gilt auch f\u00fcr die Verwendung in Online-Diensten oder f\u00fcr die Aufnahme in elektronische Datenbanken. Verbreitung nur mit schriftlicher Genehmigung durch die Verantwortlichen des Haudegen Cups.<\/p>\n<p>&nbsp;<\/p>\n<p>\u00a9 Copyright 2026 Haudegen Cup<\/p>\n","protected":false},"excerpt":{"rendered":"<p>Haudegen Cup Vertretungsberechtigt &amp; Organisatoren: Gasser Michael, Mader Walter, Wieser Reinhard. Inhaltlich verantwortlich: Platzer Christian. Der Inhalt dieser Seiten ist urheberrechtlich gesch\u00fctzt. Die Inhalte sind nur f\u00fcr die pers\u00f6nliche Information bestimmt. Jede weitergehende Verwendung, insbesondere die Speicherung, Ver\u00f6ffentlichung, Vervielf\u00e4ltigung und jede Form von gewerblicher Nutzung sowie die Weitergabe an Dritte \u2013 auch in Teilen oder&#8230;<\/p>\n","protected":false},"author":2,"featured_media":0,"parent":12,"menu_order":8,"comment_status":"closed","ping_status":"closed","template":"","meta":{"_kadence_starter_templates_imported_post":false,"_kad_post_transparent":"default","_kad_post_title":"default","_kad_post_layout":"default","_kad_post_sidebar_id":"","_kad_post_content_style":"default","_kad_post_vertical_padding":"default","_kad_post_feature":"","_kad_post_feature_position":"","_kad_post_header":false,"_kad_post_footer":false,"_kad_post_classname":"","footnotes":""},"class_list":["post-325","page","type-page","status-publish","hentry"],"_links":{"self":[{"href":"https:\/\/haudegencup.com\/index.php?rest_route=\/wp\/v2\/pages\/325","targetHints":{"allow":["GET"]}}],"collection":[{"href":"https:\/\/haudegencup.com\/index.php?rest_route=\/wp\/v2\/pages"}],"about":[{"href":"https:\/\/haudegencup.com\/index.php?rest_route=\/wp\/v2\/types\/page"}],"author":[{"embeddable":true,"href":"https:\/\/haudegencup.com\/index.php?rest_route=\/wp\/v2\/users\/2"}],"replies":[{"embeddable":true,"href":"https:\/\/haudegencup.com\/index.php?rest_route=%2Fwp%2Fv2%2Fcomments&post=325"}],"version-history":[{"count":15,"href":"https:\/\/haudegencup.com\/index.php?rest_route=\/wp\/v2\/pages\/325\/revisions"}],"predecessor-version":[{"id":4984,"href":"https:\/\/haudegencup.com\/index.php?rest_route=\/wp\/v2\/pages\/325\/revisions\/4984"}],"up":[{"embeddable":true,"href":"https:\/\/haudegencup.com\/index.php?rest_route=\/wp\/v2\/pages\/12"}],"wp:attachment":[{"href":"https:\/\/haudegencup.com\/index.php?rest_route=%2Fwp%2Fv2%2Fmedia&parent=325"}],"curies":[{"name":"wp","href":"https:\/\/api.w.org\/{rel}","templated":true}]}}